{"id":64,"date":"2023-06-29T11:30:42","date_gmt":"2023-06-29T09:30:42","guid":{"rendered":"https:\/\/hospitality.softmedia.cz\/?page_id=64"},"modified":"2023-09-26T07:56:17","modified_gmt":"2023-09-26T05:56:17","slug":"o-nas","status":"publish","type":"page","link":"https:\/\/www.fosterhospitality.com\/en\/o-nas\/","title":{"rendered":"About us"},"content":{"rendered":"<section class=\"bde-section-64-100 bde-section\">\n  \n  \n\t\n\n\n\n<div class=\"section-container\"><h1 class=\"bde-heading-64-101 bde-heading\">\nAbout us\n<\/h1><div class=\"bde-rich-text-64-103 bde-rich-text breakdance-rich-text-styles\">\n<p>The company Foster Hospitality s.r.o. was founded in 2021 and was created by the spin-off of the Hospitality division from the company Foster Bau as. It provides services in the areas of hospitality, housekeeping, cleaning services and others. Foster Hospitality is a member of Foster24.<\/p><p>Since Foster24&#039;s inception, we have specialized in providing our customers in the retail, hospitality, industrial and other industries with world-class services tailored to their individual needs.<\/p><p><\/p><p>Our experienced team of experts develops individual solutions that help our customers achieve success.<\/p><p>We focus on innovative technologies, efficient processes and first-class customer service.<\/p><p><\/p><p>We pride ourselves on building long-term partnerships and providing added value to our customers. At Foster24, customer satisfaction comes first and we are constantly striving to improve our services and adapt to the changing needs of our customers.<\/p><p>Our goal is to provide you with excellent service that contributes to the success of your business.<\/p><p>Contact us today to discuss your requirements and find out how we can help you achieve your business goals.<\/p><p>&nbsp;<\/p><p>Your Foster24 team<\/p>\n<\/div><h2 class=\"bde-heading-64-104 bde-heading\">\nOur history\n<\/h2><div class=\"bde-image-64-105 bde-image\">\n<figure class=\"breakdance-image breakdance-image--543\">\n\t<div class=\"breakdance-image-container\">\n\t\t<div class=\"breakdance-image-clip\"><img loading=\"lazy\" decoding=\"async\" class=\"breakdance-image-object\" src=\"https:\/\/fosterhospitality.com\/wp-content\/uploads\/2023\/09\/casova-osa-nova.png\" width=\"7172\" height=\"1180\" srcset=\"https:\/\/fosterhospitality.com\/wp-content\/uploads\/2023\/09\/casova-osa-nova.png 7172w, https:\/\/fosterhospitality.com\/wp-content\/uploads\/2023\/09\/casova-osa-nova-300x49.png 300w, https:\/\/fosterhospitality.com\/wp-content\/uploads\/2023\/09\/casova-osa-nova-1024x168.png 1024w, https:\/\/fosterhospitality.com\/wp-content\/uploads\/2023\/09\/casova-osa-nova-768x126.png 768w, https:\/\/fosterhospitality.com\/wp-content\/uploads\/2023\/09\/casova-osa-nova-1536x253.png 1536w, https:\/\/fosterhospitality.com\/wp-content\/uploads\/2023\/09\/casova-osa-nova-2048x337.png 2048w, https:\/\/fosterhospitality.com\/wp-content\/uploads\/2023\/09\/casova-osa-nova-18x3.png 18w\" sizes=\"auto, (max-width: 7172px) 100vw, 7172px\"><\/div>\n\t<\/div><\/figure>\n\n<\/div><h2 class=\"bde-heading-64-106 bde-heading\">\nWHAT CHARACTERIZES US?\n<\/h2><div class=\"bde-div-64-107 bde-div\">\n  \n  \n\t\n\n\n\n<div class=\"bde-div-64-144 bde-div\">\n  \n  \n\t\n\n\n\n<div class=\"bde-text-64-145 bde-text\">\nA balanced ratio<br>Price performance\n<\/div>\n<\/div><div class=\"bde-div-64-162 bde-div\">\n  \n  \n\t\n\n\n\n<div class=\"bde-text-64-163 bde-text\">\nExpertise\n<\/div><ul class=\"bde-basic-list-64-164 bde-basic-list\">\n  <li  >    \n          \u00b7 we have our own team of experienced workers\n      <\/li>\n<\/ul>\n<\/div><div class=\"bde-div-64-159 bde-div\">\n  \n  \n\t\n\n\n\n<div class=\"bde-text-64-160 bde-text\">\nTransparent<br>negotiations\n<\/div>\n<\/div><div class=\"bde-div-64-156 bde-div\">\n  \n  \n\t\n\n\n\n<div class=\"bde-text-64-157 bde-text\">\nFlexibility\n<\/div><ul class=\"bde-basic-list-64-158 bde-basic-list\">\n  <li  >    \n          \u00b7 we respond promptly to client requests\n      <\/li>\n<\/ul>\n<\/div><div class=\"bde-div-64-153 bde-div\">\n  \n  \n\t\n\n\n\n<div class=\"bde-text-64-154 bde-text\">\nQuality\n<\/div><ul class=\"bde-basic-list-64-155 bde-basic-list\">\n  <li  >    \n          \u00b7 our goal is a satisfied customer\n      <\/li>\n<\/ul>\n<\/div><div class=\"bde-div-64-150 bde-div\">\n  \n  \n\t\n\n\n\n<div class=\"bde-text-64-151 bde-text\">\nPrecision\n<\/div><ul class=\"bde-basic-list-64-152 bde-basic-list\">\n  <li  >    \n          \u00b7 we emphasize detail\n      <\/li>\n<\/ul>\n<\/div><div class=\"bde-div-64-147 bde-div\">\n  \n  \n\t\n\n\n\n<div class=\"bde-text-64-148 bde-text\">\nRespect\n<\/div><ul class=\"bde-basic-list-64-149 bde-basic-list\">\n  <li  >    \n          \u00b7 to the needs of their clients, partners and colleagues\n      <\/li>\n<\/ul>\n<\/div>\n<\/div><\/div>\n<\/section>","protected":false},"excerpt":{"rendered":"<p>O&nbsp;n\u00e1s Spole\u010dnost Foster Hospitality s.r.o. byla zalo\u017eena v&nbsp;roce 2021 a&nbsp;vznikla od\u0161t\u011bpen\u00edm divize Hospitality ze spole\u010dnosti Foster Bau a.s. Poskytuje slu\u017eby v&nbsp;oblastech hospitality, housekeepingu, \u00faklidov\u00fdch slu\u017eeb a&nbsp;dal\u0161\u00edch. Foster Hospitality je \u010dlenem spole\u010dnosti Foster24.Od zalo\u017een\u00ed Foster24 jsme se specializovali na poskytov\u00e1n\u00ed prvot\u0159\u00eddn\u00edch slu\u017eeb p\u0159izp\u016fsoben\u00fdch na\u0161im z\u00e1kazn\u00edk\u016fm v&nbsp;oblasti maloobchodu, pohostinstv\u00ed, pr\u016fmyslu a&nbsp;dal\u0161\u00edch odv\u011btv\u00ed, kter\u00e9 odpov\u00eddaj\u00ed jejich individu\u00e1ln\u00edm pot\u0159eb\u00e1m.N\u00e1\u0161 [&hellip;]<\/p>\n","protected":false},"author":2,"featured_media":0,"parent":0,"menu_order":0,"comment_status":"closed","ping_status":"closed","template":"","meta":{"_breakdance_hide_in_design_set":false,"_breakdance_tags":"","footnotes":""},"class_list":["post-64","page","type-page","status-publish","hentry"],"_links":{"self":[{"href":"https:\/\/www.fosterhospitality.com\/en\/wp-json\/wp\/v2\/pages\/64","targetHints":{"allow":["GET"]}}],"collection":[{"href":"https:\/\/www.fosterhospitality.com\/en\/wp-json\/wp\/v2\/pages"}],"about":[{"href":"https:\/\/www.fosterhospitality.com\/en\/wp-json\/wp\/v2\/types\/page"}],"author":[{"embeddable":true,"href":"https:\/\/www.fosterhospitality.com\/en\/wp-json\/wp\/v2\/users\/2"}],"replies":[{"embeddable":true,"href":"https:\/\/www.fosterhospitality.com\/en\/wp-json\/wp\/v2\/comments?post=64"}],"version-history":[{"count":21,"href":"https:\/\/www.fosterhospitality.com\/en\/wp-json\/wp\/v2\/pages\/64\/revisions"}],"predecessor-version":[{"id":544,"href":"https:\/\/www.fosterhospitality.com\/en\/wp-json\/wp\/v2\/pages\/64\/revisions\/544"}],"wp:attachment":[{"href":"https:\/\/www.fosterhospitality.com\/en\/wp-json\/wp\/v2\/media?parent=64"}],"curies":[{"name":"wp","href":"https:\/\/api.w.org\/{rel}","templated":true}]}}